{"id":533,"date":"2021-12-01T14:43:23","date_gmt":"2021-12-01T12:43:23","guid":{"rendered":"https:\/\/robiot.fi\/?page_id=533"},"modified":"2022-03-31T12:20:37","modified_gmt":"2022-03-31T09:20:37","slug":"robotit","status":"publish","type":"page","link":"https:\/\/robiot.fi\/index.php\/robotit\/","title":{"rendered":"Robotit"},"content":{"rendered":"\t\t<div data-elementor-type=\"wp-page\" data-elementor-id=\"533\" class=\"elementor elementor-533\">\n\t\t\t\t\t\t<section class=\"elementor-section elementor-top-section elementor-element elementor-element-bdff6a3 elementor-section-boxed elementor-section-height-default elementor-section-height-default\" data-id=\"bdff6a3\" data-element_type=\"section\" data-e-type=\"section\">\n\t\t\t\t\t\t<div class=\"elementor-container elementor-column-gap-default\">\n\t\t\t\t\t<div class=\"elementor-column elementor-col-100 elementor-top-column elementor-element elementor-element-0d19b30\" data-id=\"0d19b30\" data-element_type=\"column\" data-e-type=\"column\">\n\t\t\t<div class=\"elementor-widget-wrap elementor-element-populated\">\n\t\t\t\t\t\t<div class=\"elementor-element elementor-element-f6d489f elementor-widget elementor-widget-spacer\" data-id=\"f6d489f\" data-element_type=\"widget\" data-e-type=\"widget\" data-widget_type=\"spacer.default\">\n\t\t\t\t<div class=\"elementor-widget-container\">\n\t\t\t\t\t\t\t<div class=\"elementor-spacer\">\n\t\t\t<div class=\"elementor-spacer-inner\"><\/div>\n\t\t<\/div>\n\t\t\t\t\t\t<\/div>\n\t\t\t\t<\/div>\n\t\t\t\t\t<\/div>\n\t\t<\/div>\n\t\t\t\t\t<\/div>\n\t\t<\/section>\n\t\t\t\t<section class=\"elementor-section elementor-top-section elementor-element elementor-element-475222f elementor-section-boxed elementor-section-height-default elementor-section-height-default\" data-id=\"475222f\" data-element_type=\"section\" data-e-type=\"section\">\n\t\t\t\t\t\t<div class=\"elementor-container elementor-column-gap-default\">\n\t\t\t\t\t<div class=\"elementor-column elementor-col-100 elementor-top-column elementor-element elementor-element-52951e9\" data-id=\"52951e9\" data-element_type=\"column\" data-e-type=\"column\">\n\t\t\t<div class=\"elementor-widget-wrap elementor-element-populated\">\n\t\t\t\t\t\t<div class=\"elementor-element elementor-element-678185f elementor-widget elementor-widget-heading\" data-id=\"678185f\" data-element_type=\"widget\" data-e-type=\"widget\" data-widget_type=\"heading.default\">\n\t\t\t\t<div class=\"elementor-widget-container\">\n\t\t\t\t\t<h1 class=\"elementor-heading-title elementor-size-default\">Tutustu robotteihin<\/h1>\t\t\t\t<\/div>\n\t\t\t\t<\/div>\n\t\t\t\t\t<\/div>\n\t\t<\/div>\n\t\t\t\t\t<\/div>\n\t\t<\/section>\n\t\t\t\t<section class=\"elementor-section elementor-top-section elementor-element elementor-element-203e707 elementor-section-boxed elementor-section-height-default elementor-section-height-default\" data-id=\"203e707\" data-element_type=\"section\" data-e-type=\"section\">\n\t\t\t\t\t\t<div class=\"elementor-container elementor-column-gap-default\">\n\t\t\t\t\t<div class=\"elementor-column elementor-col-100 elementor-top-column elementor-element elementor-element-dec21ce\" data-id=\"dec21ce\" data-element_type=\"column\" data-e-type=\"column\">\n\t\t\t<div class=\"elementor-widget-wrap elementor-element-populated\">\n\t\t\t\t\t\t<div class=\"elementor-element elementor-element-a6b5502 elementor-widget elementor-widget-spacer\" data-id=\"a6b5502\" data-element_type=\"widget\" data-e-type=\"widget\" data-widget_type=\"spacer.default\">\n\t\t\t\t<div class=\"elementor-widget-container\">\n\t\t\t\t\t\t\t<div class=\"elementor-spacer\">\n\t\t\t<div class=\"elementor-spacer-inner\"><\/div>\n\t\t<\/div>\n\t\t\t\t\t\t<\/div>\n\t\t\t\t<\/div>\n\t\t\t\t\t<\/div>\n\t\t<\/div>\n\t\t\t\t\t<\/div>\n\t\t<\/section>\n\t\t\t\t<section class=\"elementor-section elementor-top-section elementor-element elementor-element-969e4eb elementor-section-boxed elementor-section-height-default elementor-section-height-default\" data-id=\"969e4eb\" data-element_type=\"section\" data-e-type=\"section\">\n\t\t\t\t\t\t<div class=\"elementor-container elementor-column-gap-default\">\n\t\t\t\t\t<div class=\"elementor-column elementor-col-25 elementor-top-column elementor-element elementor-element-914ea68\" data-id=\"914ea68\" data-element_type=\"column\" data-e-type=\"column\">\n\t\t\t<div class=\"elementor-widget-wrap elementor-element-populated\">\n\t\t\t\t\t\t<div class=\"elementor-element elementor-element-8532e0c elementor-invisible elementor-widget elementor-widget-image\" data-id=\"8532e0c\" data-element_type=\"widget\" data-e-type=\"widget\" data-settings=\"{&quot;_animation&quot;:&quot;zoomIn&quot;}\" data-widget_type=\"image.default\">\n\t\t\t\t<div class=\"elementor-widget-container\">\n\t\t\t\t\t\t\t\t\t\t\t\t\t\t\t\t<a href=\"https:\/\/www.robotie.fi\/tuotteet\/palvelurobotti-emma\/\">\n\t\t\t\t\t\t\t<img fetchpriority=\"high\" decoding=\"async\" width=\"1024\" height=\"931\" src=\"https:\/\/robiot.fi\/wp-content\/uploads\/2022\/03\/emma-uusi-3-1024x931.png\" class=\"attachment-large size-large wp-image-1484\" alt=\"\" srcset=\"https:\/\/robiot.fi\/wp-content\/uploads\/2022\/03\/emma-uusi-3-1024x931.png 1024w, https:\/\/robiot.fi\/wp-content\/uploads\/2022\/03\/emma-uusi-3-300x273.png 300w, https:\/\/robiot.fi\/wp-content\/uploads\/2022\/03\/emma-uusi-3-768x698.png 768w, https:\/\/robiot.fi\/wp-content\/uploads\/2022\/03\/emma-uusi-3.png 1100w\" sizes=\"(max-width: 1024px) 100vw, 1024px\" \/>\t\t\t\t\t\t\t\t<\/a>\n\t\t\t\t\t\t\t\t\t\t\t\t\t\t\t<\/div>\n\t\t\t\t<\/div>\n\t\t\t\t\t<\/div>\n\t\t<\/div>\n\t\t\t\t<div class=\"elementor-column elementor-col-25 elementor-top-column elementor-element elementor-element-f9c557f\" data-id=\"f9c557f\" data-element_type=\"column\" data-e-type=\"column\">\n\t\t\t<div class=\"elementor-widget-wrap elementor-element-populated\">\n\t\t\t\t\t\t<div class=\"elementor-element elementor-element-ce6ad99 elementor-invisible elementor-widget elementor-widget-image\" data-id=\"ce6ad99\" data-element_type=\"widget\" data-e-type=\"widget\" data-settings=\"{&quot;_animation&quot;:&quot;zoomIn&quot;}\" data-widget_type=\"image.default\">\n\t\t\t\t<div class=\"elementor-widget-container\">\n\t\t\t\t\t\t\t\t\t\t\t\t\t\t\t\t<a href=\"https:\/\/www.robotie.fi\/tuotteet\/palvelurobotti-edison\/\">\n\t\t\t\t\t\t\t<img decoding=\"async\" width=\"1024\" height=\"931\" src=\"https:\/\/robiot.fi\/wp-content\/uploads\/2022\/03\/edison-uusi-1-1024x931.png\" class=\"attachment-large size-large wp-image-1485\" alt=\"\" srcset=\"https:\/\/robiot.fi\/wp-content\/uploads\/2022\/03\/edison-uusi-1-1024x931.png 1024w, https:\/\/robiot.fi\/wp-content\/uploads\/2022\/03\/edison-uusi-1-300x273.png 300w, https:\/\/robiot.fi\/wp-content\/uploads\/2022\/03\/edison-uusi-1-768x698.png 768w, https:\/\/robiot.fi\/wp-content\/uploads\/2022\/03\/edison-uusi-1.png 1100w\" sizes=\"(max-width: 1024px) 100vw, 1024px\" \/>\t\t\t\t\t\t\t\t<\/a>\n\t\t\t\t\t\t\t\t\t\t\t\t\t\t\t<\/div>\n\t\t\t\t<\/div>\n\t\t\t\t\t<\/div>\n\t\t<\/div>\n\t\t\t\t<div class=\"elementor-column elementor-col-25 elementor-top-column elementor-element elementor-element-1f92eae\" data-id=\"1f92eae\" data-element_type=\"column\" data-e-type=\"column\">\n\t\t\t<div class=\"elementor-widget-wrap elementor-element-populated\">\n\t\t\t\t\t\t<div class=\"elementor-element elementor-element-183863c elementor-invisible elementor-widget elementor-widget-image\" data-id=\"183863c\" data-element_type=\"widget\" data-e-type=\"widget\" data-settings=\"{&quot;_animation&quot;:&quot;zoomIn&quot;}\" data-widget_type=\"image.default\">\n\t\t\t\t<div class=\"elementor-widget-container\">\n\t\t\t\t\t\t\t\t\t\t\t\t\t\t\t\t<a href=\"https:\/\/www.robotie.fi\/tuotteet\/palvelurobotti-cruzr\/\">\n\t\t\t\t\t\t\t<img decoding=\"async\" width=\"1024\" height=\"931\" src=\"https:\/\/robiot.fi\/wp-content\/uploads\/2022\/03\/cruzt-testi-2-1024x931.png\" class=\"attachment-large size-large wp-image-1496\" alt=\"\" srcset=\"https:\/\/robiot.fi\/wp-content\/uploads\/2022\/03\/cruzt-testi-2-1024x931.png 1024w, https:\/\/robiot.fi\/wp-content\/uploads\/2022\/03\/cruzt-testi-2-300x273.png 300w, https:\/\/robiot.fi\/wp-content\/uploads\/2022\/03\/cruzt-testi-2-768x698.png 768w, https:\/\/robiot.fi\/wp-content\/uploads\/2022\/03\/cruzt-testi-2.png 1100w\" sizes=\"(max-width: 1024px) 100vw, 1024px\" \/>\t\t\t\t\t\t\t\t<\/a>\n\t\t\t\t\t\t\t\t\t\t\t\t\t\t\t<\/div>\n\t\t\t\t<\/div>\n\t\t\t\t\t<\/div>\n\t\t<\/div>\n\t\t\t\t<div class=\"elementor-column elementor-col-25 elementor-top-column elementor-element elementor-element-6414cf0\" data-id=\"6414cf0\" data-element_type=\"column\" data-e-type=\"column\">\n\t\t\t<div class=\"elementor-widget-wrap elementor-element-populated\">\n\t\t\t\t\t\t<div class=\"elementor-element elementor-element-8abecaf elementor-invisible elementor-widget elementor-widget-image\" data-id=\"8abecaf\" data-element_type=\"widget\" data-e-type=\"widget\" data-settings=\"{&quot;_animation&quot;:&quot;zoomIn&quot;}\" data-widget_type=\"image.default\">\n\t\t\t\t<div class=\"elementor-widget-container\">\n\t\t\t\t\t\t\t\t\t\t\t\t\t\t\t\t<a href=\"https:\/\/www.robotie.fi\/tuotteet\/pepper\/\">\n\t\t\t\t\t\t\t<img loading=\"lazy\" decoding=\"async\" width=\"1024\" height=\"931\" src=\"https:\/\/robiot.fi\/wp-content\/uploads\/2022\/03\/robotti-testi-5-1024x931.png\" class=\"attachment-large size-large wp-image-1494\" alt=\"\" srcset=\"https:\/\/robiot.fi\/wp-content\/uploads\/2022\/03\/robotti-testi-5-1024x931.png 1024w, https:\/\/robiot.fi\/wp-content\/uploads\/2022\/03\/robotti-testi-5-300x273.png 300w, https:\/\/robiot.fi\/wp-content\/uploads\/2022\/03\/robotti-testi-5-768x698.png 768w, https:\/\/robiot.fi\/wp-content\/uploads\/2022\/03\/robotti-testi-5.png 1100w\" sizes=\"(max-width: 1024px) 100vw, 1024px\" \/>\t\t\t\t\t\t\t\t<\/a>\n\t\t\t\t\t\t\t\t\t\t\t\t\t\t\t<\/div>\n\t\t\t\t<\/div>\n\t\t\t\t\t<\/div>\n\t\t<\/div>\n\t\t\t\t\t<\/div>\n\t\t<\/section>\n\t\t\t\t<section class=\"elementor-section elementor-top-section elementor-element elementor-element-fa37583 elementor-section-boxed elementor-section-height-default elementor-section-height-default\" data-id=\"fa37583\" data-element_type=\"section\" data-e-type=\"section\">\n\t\t\t\t\t\t<div class=\"elementor-container elementor-column-gap-default\">\n\t\t\t\t\t<div class=\"elementor-column elementor-col-25 elementor-top-column elementor-element elementor-element-ec96226\" data-id=\"ec96226\" data-element_type=\"column\" data-e-type=\"column\">\n\t\t\t<div class=\"elementor-widget-wrap elementor-element-populated\">\n\t\t\t\t\t\t<div class=\"elementor-element elementor-element-da8241b elementor-widget elementor-widget-text-editor\" data-id=\"da8241b\" data-element_type=\"widget\" data-e-type=\"widget\" data-widget_type=\"text-editor.default\">\n\t\t\t\t<div class=\"elementor-widget-container\">\n\t\t\t\t\t\t\t\t\t<p><b>EMMA\u00a0<\/b><\/p><p>palvelurobotti<\/p>\t\t\t\t\t\t\t\t<\/div>\n\t\t\t\t<\/div>\n\t\t\t\t\t<\/div>\n\t\t<\/div>\n\t\t\t\t<div class=\"elementor-column elementor-col-25 elementor-top-column elementor-element elementor-element-e2cf6be\" data-id=\"e2cf6be\" data-element_type=\"column\" data-e-type=\"column\">\n\t\t\t<div class=\"elementor-widget-wrap elementor-element-populated\">\n\t\t\t\t\t\t<div class=\"elementor-element elementor-element-b812f05 elementor-widget elementor-widget-text-editor\" data-id=\"b812f05\" data-element_type=\"widget\" data-e-type=\"widget\" data-widget_type=\"text-editor.default\">\n\t\t\t\t<div class=\"elementor-widget-container\">\n\t\t\t\t\t\t\t\t\t<p><b>EDISON<\/b><\/p><p>palvelurobotti<\/p>\t\t\t\t\t\t\t\t<\/div>\n\t\t\t\t<\/div>\n\t\t\t\t\t<\/div>\n\t\t<\/div>\n\t\t\t\t<div class=\"elementor-column elementor-col-25 elementor-top-column elementor-element elementor-element-25839a5\" data-id=\"25839a5\" data-element_type=\"column\" data-e-type=\"column\">\n\t\t\t<div class=\"elementor-widget-wrap elementor-element-populated\">\n\t\t\t\t\t\t<div class=\"elementor-element elementor-element-0d1a347 elementor-widget elementor-widget-text-editor\" data-id=\"0d1a347\" data-element_type=\"widget\" data-e-type=\"widget\" data-widget_type=\"text-editor.default\">\n\t\t\t\t<div class=\"elementor-widget-container\">\n\t\t\t\t\t\t\t\t\t<p><b>CRUZR&nbsp;<\/b><\/p>\n<p>palvelurobotti<\/p>\t\t\t\t\t\t\t\t<\/div>\n\t\t\t\t<\/div>\n\t\t\t\t\t<\/div>\n\t\t<\/div>\n\t\t\t\t<div class=\"elementor-column elementor-col-25 elementor-top-column elementor-element elementor-element-6d196b5\" data-id=\"6d196b5\" data-element_type=\"column\" data-e-type=\"column\">\n\t\t\t<div class=\"elementor-widget-wrap elementor-element-populated\">\n\t\t\t\t\t\t<div class=\"elementor-element elementor-element-ba32a80 elementor-widget elementor-widget-text-editor\" data-id=\"ba32a80\" data-element_type=\"widget\" data-e-type=\"widget\" data-widget_type=\"text-editor.default\">\n\t\t\t\t<div class=\"elementor-widget-container\">\n\t\t\t\t\t\t\t\t\t<p><b>PEPPER<\/b><\/p>\n<p>humanoidirobotti<\/p>\t\t\t\t\t\t\t\t<\/div>\n\t\t\t\t<\/div>\n\t\t\t\t\t<\/div>\n\t\t<\/div>\n\t\t\t\t\t<\/div>\n\t\t<\/section>\n\t\t\t\t<section class=\"elementor-section elementor-top-section elementor-element elementor-element-8c3e824 elementor-section-boxed elementor-section-height-default elementor-section-height-default\" data-id=\"8c3e824\" data-element_type=\"section\" data-e-type=\"section\">\n\t\t\t\t\t\t<div class=\"elementor-container elementor-column-gap-default\">\n\t\t\t\t\t<div class=\"elementor-column elementor-col-100 elementor-top-column elementor-element elementor-element-3dbcdec\" data-id=\"3dbcdec\" data-element_type=\"column\" data-e-type=\"column\">\n\t\t\t<div class=\"elementor-widget-wrap elementor-element-populated\">\n\t\t\t\t\t\t<div class=\"elementor-element elementor-element-d5b8288 elementor-widget elementor-widget-spacer\" data-id=\"d5b8288\" data-element_type=\"widget\" data-e-type=\"widget\" data-widget_type=\"spacer.default\">\n\t\t\t\t<div class=\"elementor-widget-container\">\n\t\t\t\t\t\t\t<div class=\"elementor-spacer\">\n\t\t\t<div class=\"elementor-spacer-inner\"><\/div>\n\t\t<\/div>\n\t\t\t\t\t\t<\/div>\n\t\t\t\t<\/div>\n\t\t\t\t\t<\/div>\n\t\t<\/div>\n\t\t\t\t\t<\/div>\n\t\t<\/section>\n\t\t\t\t<section class=\"elementor-section elementor-top-section elementor-element elementor-element-f8d388b elementor-section-boxed elementor-section-height-default elementor-section-height-default\" data-id=\"f8d388b\" data-element_type=\"section\" data-e-type=\"section\">\n\t\t\t\t\t\t<div class=\"elementor-container elementor-column-gap-default\">\n\t\t\t\t\t<div class=\"elementor-column elementor-col-100 elementor-top-column elementor-element elementor-element-61c24cf\" data-id=\"61c24cf\" data-element_type=\"column\" data-e-type=\"column\">\n\t\t\t<div class=\"elementor-widget-wrap elementor-element-populated\">\n\t\t\t\t\t\t<div class=\"elementor-element elementor-element-75df49c elementor-widget elementor-widget-text-editor\" data-id=\"75df49c\" data-element_type=\"widget\" data-e-type=\"widget\" data-widget_type=\"text-editor.default\">\n\t\t\t\t<div class=\"elementor-widget-container\">\n\t\t\t\t\t\t\t\t\t<h3>Emma, Edison, Cruzr, Pepper palveluksessasi<\/h3>\t\t\t\t\t\t\t\t<\/div>\n\t\t\t\t<\/div>\n\t\t\t\t\t<\/div>\n\t\t<\/div>\n\t\t\t\t\t<\/div>\n\t\t<\/section>\n\t\t\t\t<section class=\"elementor-section elementor-top-section elementor-element elementor-element-f118a8b elementor-section-boxed elementor-section-height-default elementor-section-height-default\" data-id=\"f118a8b\" data-element_type=\"section\" data-e-type=\"section\">\n\t\t\t\t\t\t<div class=\"elementor-container elementor-column-gap-default\">\n\t\t\t\t\t<div class=\"elementor-column elementor-col-100 elementor-top-column elementor-element elementor-element-9e01567\" data-id=\"9e01567\" data-element_type=\"column\" data-e-type=\"column\">\n\t\t\t<div class=\"elementor-widget-wrap elementor-element-populated\">\n\t\t\t\t\t\t<div class=\"elementor-element elementor-element-e77cbfc elementor-widget elementor-widget-text-editor\" data-id=\"e77cbfc\" data-element_type=\"widget\" data-e-type=\"widget\" data-widget_type=\"text-editor.default\">\n\t\t\t\t<div class=\"elementor-widget-container\">\n\t\t\t\t\t\t\t\t\t<p>Jokainen RobIoT-koulutuksissa k\u00e4ytett\u00e4v\u00e4 palvelurobotti on omanlaisensa &#8221;tyyppi&#8221; &#8211;<\/p><p>vahvuuksia, ulkomuotoa ja toiminnallisuuksiaan my\u00f6ten.\u00a0<\/p><p><span style=\"font-size: 1.2em; background-color: inherit;\">\u00a0<\/span><\/p>\t\t\t\t\t\t\t\t<\/div>\n\t\t\t\t<\/div>\n\t\t\t\t\t<\/div>\n\t\t<\/div>\n\t\t\t\t\t<\/div>\n\t\t<\/section>\n\t\t\t\t<section class=\"elementor-section elementor-top-section elementor-element elementor-element-35220bd elementor-section-boxed elementor-section-height-default elementor-section-height-default\" data-id=\"35220bd\" data-element_type=\"section\" data-e-type=\"section\">\n\t\t\t\t\t\t<div class=\"elementor-container elementor-column-gap-default\">\n\t\t\t\t\t<div class=\"elementor-column elementor-col-100 elementor-top-column elementor-element elementor-element-17b3008\" data-id=\"17b3008\" data-element_type=\"column\" data-e-type=\"column\">\n\t\t\t<div class=\"elementor-widget-wrap elementor-element-populated\">\n\t\t\t\t\t\t<div class=\"elementor-element elementor-element-cded33b elementor-align-center elementor-widget elementor-widget-button\" data-id=\"cded33b\" data-element_type=\"widget\" data-e-type=\"widget\" data-widget_type=\"button.default\">\n\t\t\t\t<div class=\"elementor-widget-container\">\n\t\t\t\t\t\t\t\t\t<div class=\"elementor-button-wrapper\">\n\t\t\t\t\t<a class=\"elementor-button elementor-button-link elementor-size-md\" href=\"https:\/\/www.robotie.fi\/tuotteet\/\" target=\"_blank\">\n\t\t\t\t\t\t<span class=\"elementor-button-content-wrapper\">\n\t\t\t\t\t\t\t\t\t<span class=\"elementor-button-text\">Lue lis\u00e4\u00e4 Robotien sivuilla<\/span>\n\t\t\t\t\t<\/span>\n\t\t\t\t\t<\/a>\n\t\t\t\t<\/div>\n\t\t\t\t\t\t\t\t<\/div>\n\t\t\t\t<\/div>\n\t\t\t\t\t<\/div>\n\t\t<\/div>\n\t\t\t\t\t<\/div>\n\t\t<\/section>\n\t\t\t\t<\/div>\n\t\t","protected":false},"excerpt":{"rendered":"<p>Tutustu robotteihin EMMA\u00a0 palvelurobotti EDISON palvelurobotti CRUZR&nbsp; palvelurobotti PEPPER humanoidirobotti Emma, Edison, Cruzr, Pepper palveluksessasi Jokainen RobIoT-koulutuksissa k\u00e4ytett\u00e4v\u00e4 palvelurobotti on omanlaisensa &#8221;tyyppi&#8221; &#8211; vahvuuksia, ulkomuotoa ja toiminnallisuuksiaan my\u00f6ten.\u00a0 \u00a0 Lue lis\u00e4\u00e4 Robotien sivuilla<\/p>\n","protected":false},"author":4,"featured_media":0,"parent":0,"menu_order":0,"comment_status":"closed","ping_status":"closed","template":"","meta":{"footnotes":""},"class_list":["post-533","page","type-page","status-publish","czr-hentry"],"_links":{"self":[{"href":"https:\/\/robiot.fi\/index.php\/wp-json\/wp\/v2\/pages\/533","targetHints":{"allow":["GET"]}}],"collection":[{"href":"https:\/\/robiot.fi\/index.php\/wp-json\/wp\/v2\/pages"}],"about":[{"href":"https:\/\/robiot.fi\/index.php\/wp-json\/wp\/v2\/types\/page"}],"author":[{"embeddable":true,"href":"https:\/\/robiot.fi\/index.php\/wp-json\/wp\/v2\/users\/4"}],"replies":[{"embeddable":true,"href":"https:\/\/robiot.fi\/index.php\/wp-json\/wp\/v2\/comments?post=533"}],"version-history":[{"count":43,"href":"https:\/\/robiot.fi\/index.php\/wp-json\/wp\/v2\/pages\/533\/revisions"}],"predecessor-version":[{"id":1521,"href":"https:\/\/robiot.fi\/index.php\/wp-json\/wp\/v2\/pages\/533\/revisions\/1521"}],"wp:attachment":[{"href":"https:\/\/robiot.fi\/index.php\/wp-json\/wp\/v2\/media?parent=533"}],"curies":[{"name":"wp","href":"https:\/\/api.w.org\/{rel}","templated":true}]}}