{"id":67,"date":"2021-11-04T14:04:55","date_gmt":"2021-11-04T12:04:55","guid":{"rendered":"https:\/\/robiot.fi\/?page_id=67"},"modified":"2022-02-17T18:56:32","modified_gmt":"2022-02-17T16:56:32","slug":"hanke","status":"publish","type":"page","link":"https:\/\/robiot.fi\/index.php\/hanke\/","title":{"rendered":"Hanke"},"content":{"rendered":"\t\t<div data-elementor-type=\"wp-page\" data-elementor-id=\"67\" class=\"elementor elementor-67\">\n\t\t\t\t\t\t<section class=\"elementor-section elementor-top-section elementor-element elementor-element-fa5041d elementor-section-boxed elementor-section-height-default elementor-section-height-default\" data-id=\"fa5041d\" data-element_type=\"section\" data-e-type=\"section\">\n\t\t\t\t\t\t<div class=\"elementor-container elementor-column-gap-default\">\n\t\t\t\t\t<div class=\"elementor-column elementor-col-33 elementor-top-column elementor-element elementor-element-35e8632\" data-id=\"35e8632\" data-element_type=\"column\" data-e-type=\"column\">\n\t\t\t<div class=\"elementor-widget-wrap elementor-element-populated\">\n\t\t\t\t\t\t<div class=\"elementor-element elementor-element-3662fea elementor-widget elementor-widget-image\" data-id=\"3662fea\" data-element_type=\"widget\" data-e-type=\"widget\" data-widget_type=\"image.default\">\n\t\t\t\t<div class=\"elementor-widget-container\">\n\t\t\t\t\t\t\t\t\t\t\t\t\t\t\t<img fetchpriority=\"high\" decoding=\"async\" width=\"250\" height=\"258\" src=\"https:\/\/robiot.fi\/wp-content\/uploads\/2021\/11\/euroopan-unioni-logo.png\" class=\"attachment-medium size-medium wp-image-212\" alt=\"\" \/>\t\t\t\t\t\t\t\t\t\t\t\t\t\t\t<\/div>\n\t\t\t\t<\/div>\n\t\t\t\t\t<\/div>\n\t\t<\/div>\n\t\t\t\t<div class=\"elementor-column elementor-col-33 elementor-top-column elementor-element elementor-element-746f8bd\" data-id=\"746f8bd\" data-element_type=\"column\" data-e-type=\"column\">\n\t\t\t<div class=\"elementor-widget-wrap elementor-element-populated\">\n\t\t\t\t\t\t<div class=\"elementor-element elementor-element-dd38437 elementor-widget elementor-widget-image\" data-id=\"dd38437\" data-element_type=\"widget\" data-e-type=\"widget\" data-widget_type=\"image.default\">\n\t\t\t\t<div class=\"elementor-widget-container\">\n\t\t\t\t\t\t\t\t\t\t\t\t\t\t\t<img decoding=\"async\" width=\"250\" height=\"250\" src=\"https:\/\/robiot.fi\/wp-content\/uploads\/2021\/11\/Logo_vipuvoimaa_2014_2020.jpg\" class=\"attachment-large size-large wp-image-388\" alt=\"\" srcset=\"https:\/\/robiot.fi\/wp-content\/uploads\/2021\/11\/Logo_vipuvoimaa_2014_2020.jpg 250w, https:\/\/robiot.fi\/wp-content\/uploads\/2021\/11\/Logo_vipuvoimaa_2014_2020-150x150.jpg 150w\" sizes=\"(max-width: 250px) 100vw, 250px\" \/>\t\t\t\t\t\t\t\t\t\t\t\t\t\t\t<\/div>\n\t\t\t\t<\/div>\n\t\t\t\t\t<\/div>\n\t\t<\/div>\n\t\t\t\t<div class=\"elementor-column elementor-col-33 elementor-top-column elementor-element elementor-element-c99606a\" data-id=\"c99606a\" data-element_type=\"column\" data-e-type=\"column\">\n\t\t\t<div class=\"elementor-widget-wrap elementor-element-populated\">\n\t\t\t\t\t\t<div class=\"elementor-element elementor-element-5fa376b elementor-widget elementor-widget-image\" data-id=\"5fa376b\" data-element_type=\"widget\" data-e-type=\"widget\" data-widget_type=\"image.default\">\n\t\t\t\t<div class=\"elementor-widget-container\">\n\t\t\t\t\t\t\t\t\t\t\t\t\t\t\t<img decoding=\"async\" width=\"300\" height=\"255\" src=\"https:\/\/robiot.fi\/wp-content\/uploads\/2021\/11\/PPL_tunnus_pysty_RGB-768x654-1-300x255.png\" class=\"attachment-medium size-medium wp-image-214\" alt=\"\" srcset=\"https:\/\/robiot.fi\/wp-content\/uploads\/2021\/11\/PPL_tunnus_pysty_RGB-768x654-1-300x255.png 300w, https:\/\/robiot.fi\/wp-content\/uploads\/2021\/11\/PPL_tunnus_pysty_RGB-768x654-1.png 768w\" sizes=\"(max-width: 300px) 100vw, 300px\" \/>\t\t\t\t\t\t\t\t\t\t\t\t\t\t\t<\/div>\n\t\t\t\t<\/div>\n\t\t\t\t\t<\/div>\n\t\t<\/div>\n\t\t\t\t\t<\/div>\n\t\t<\/section>\n\t\t\t\t<section class=\"elementor-section elementor-top-section elementor-element elementor-element-9d7fe74 elementor-section-boxed elementor-section-height-default elementor-section-height-default\" data-id=\"9d7fe74\" data-element_type=\"section\" data-e-type=\"section\">\n\t\t\t\t\t\t<div class=\"elementor-container elementor-column-gap-default\">\n\t\t\t\t\t<div class=\"elementor-column elementor-col-100 elementor-top-column elementor-element elementor-element-3be17ab\" data-id=\"3be17ab\" data-element_type=\"column\" data-e-type=\"column\">\n\t\t\t<div class=\"elementor-widget-wrap elementor-element-populated\">\n\t\t\t\t\t\t<div class=\"elementor-element elementor-element-ee78221 elementor-widget elementor-widget-spacer\" data-id=\"ee78221\" data-element_type=\"widget\" data-e-type=\"widget\" data-widget_type=\"spacer.default\">\n\t\t\t\t<div class=\"elementor-widget-container\">\n\t\t\t\t\t\t\t<div class=\"elementor-spacer\">\n\t\t\t<div class=\"elementor-spacer-inner\"><\/div>\n\t\t<\/div>\n\t\t\t\t\t\t<\/div>\n\t\t\t\t<\/div>\n\t\t\t\t\t<\/div>\n\t\t<\/div>\n\t\t\t\t\t<\/div>\n\t\t<\/section>\n\t\t\t\t<section class=\"elementor-section elementor-top-section elementor-element elementor-element-6868bf6 elementor-section-boxed elementor-section-height-default elementor-section-height-default\" data-id=\"6868bf6\" data-element_type=\"section\" data-e-type=\"section\">\n\t\t\t\t\t\t<div class=\"elementor-container elementor-column-gap-default\">\n\t\t\t\t\t<div class=\"elementor-column elementor-col-100 elementor-top-column elementor-element elementor-element-fd7583b\" data-id=\"fd7583b\" data-element_type=\"column\" data-e-type=\"column\">\n\t\t\t<div class=\"elementor-widget-wrap elementor-element-populated\">\n\t\t\t\t\t\t<div class=\"elementor-element elementor-element-e3c13a8 elementor-widget elementor-widget-text-editor\" data-id=\"e3c13a8\" data-element_type=\"widget\" data-e-type=\"widget\" data-widget_type=\"text-editor.default\">\n\t\t\t\t<div class=\"elementor-widget-container\">\n\t\t\t\t\t\t\t\t\t<section class=\"s-column-group bg-color-white s-column-group--one\" data-addsearch=\"include\"><div class=\"b-column-group-column\"><div class=\"b-column-group-column__text\"><h3>Hankkeen toiminta-aika<\/h3><p><span id=\"prlPEP_UWT1_tmpl0_ctl00_lblDate\" class=\"SBLabel2\">01.08.2019-31.12.2021<\/span><\/p><p>\u00a0<\/p><p>RobIoT -hankkeessa p\u00e4ivit\u00e4mme OSAOn nykyisi\u00e4 oppimisymp\u00e4rist\u00f6j\u00e4 vastaamaan ty\u00f6el\u00e4m\u00e4n tarpeita tieto- ja tietoliikennetekniikan alalla.<\/p><p>Hankkeessa selvit\u00e4mme yhdess\u00e4 alan yritysten kanssa, millaisia laitteita ja j\u00e4rjestelmi\u00e4 opetuksessa tulisi olla k\u00e4yt\u00f6ss\u00e4. Hankkeessa hankintaan hyvinvointiteknologiaan liittyv\u00e4t palvelurobotit ja turvavalvontalaitteet sek\u00e4 IoT-alustan, joka yhdist\u00e4\u00e4 koneet ja laitteet pilveen. Laitteiden ja ohjelmistojen hankinnassa huomioidaan laitteiden yhteisk\u00e4yt\u00f6n mahdollisuudet, laitteiden v\u00e4listen yhteyksien hy\u00f6dynt\u00e4minen, laitteiden liikuteltavuus sek\u00e4 tietoturva-asiat. Hankkeen laitehankinnoilla laajennamme ja monipuolistamme olemassa olevia oppimisymp\u00e4rist\u00f6j\u00e4, jotta niit\u00e4 voidaan hy\u00f6dynt\u00e4\u00e4 usean eri tutkinnon opetuksessa.<\/p><p>Hanke vahvistaa alueen yritysten, ammattiopiston ja korkeakoulujen v\u00e4list\u00e4 yhteisty\u00f6t\u00e4 ja verkostoitumista. Hankkeen tuloksena alueen yritykset saavat ty\u00f6ntekij\u00f6it\u00e4, joilla on uusin IoT- ja hyvinvointiteknologiaosaaminen. Oppilaitos voi tarjota yritysten henkil\u00f6st\u00f6lle niiden tarvitsemaa t\u00e4ydennyskoulutusta, mik\u00e4 parantaa alueen pk-yritysten kilpailukyky\u00e4.<\/p><p>Luomme hankkeen aikana toimintamallin oppilaitos-yritysyhteisty\u00f6n toteuttamiseen. Tarkoitus on tarjota yrityksille mahdollisuutta k\u00e4ytt\u00e4\u00e4 oppilaitoksen demo-oppimisymp\u00e4rist\u00f6\u00e4 tekstiymp\u00e4rist\u00f6n\u00e4. Suunnitelemme hankkeessa miten oppimisymp\u00e4rist\u00f6 tuotteistetaan ja miten sit\u00e4 markkinoidaan alueen yrityksille.<\/p><\/div><\/div><\/section><section class=\"s-link-buttons s-link-buttons--text-color-white \" data-addsearch=\"include\"><div class=\"linear-gradient linear-gradient--overlay linear-gradient--green\">\u00a0<\/div><div class=\"container container-fluid\">\u00a0<\/div><\/section>\t\t\t\t\t\t\t\t<\/div>\n\t\t\t\t<\/div>\n\t\t\t\t\t<\/div>\n\t\t<\/div>\n\t\t\t\t\t<\/div>\n\t\t<\/section>\n\t\t\t\t<section class=\"elementor-section elementor-top-section elementor-element elementor-element-bf22b5b elementor-section-boxed elementor-section-height-default elementor-section-height-default\" data-id=\"bf22b5b\" data-element_type=\"section\" data-e-type=\"section\">\n\t\t\t\t\t\t<div class=\"elementor-container elementor-column-gap-default\">\n\t\t\t\t\t<div class=\"elementor-column elementor-col-50 elementor-top-column elementor-element elementor-element-febdf24\" data-id=\"febdf24\" data-element_type=\"column\" data-e-type=\"column\">\n\t\t\t<div class=\"elementor-widget-wrap elementor-element-populated\">\n\t\t\t\t\t\t<div class=\"elementor-element elementor-element-2079389 elementor-widget elementor-widget-image\" data-id=\"2079389\" data-element_type=\"widget\" data-e-type=\"widget\" data-widget_type=\"image.default\">\n\t\t\t\t<div class=\"elementor-widget-container\">\n\t\t\t\t\t\t\t\t\t\t\t\t\t\t\t\t<a href=\"https:\/\/robiot.fi\/wp-content\/uploads\/2021\/12\/Robiot-flyer-FIN-2.jpg\" data-elementor-open-lightbox=\"yes\" data-elementor-lightbox-title=\"Robiot-flyer-FIN-2\" data-e-action-hash=\"#elementor-action%3Aaction%3Dlightbox%26settings%3DeyJpZCI6NzQwLCJ1cmwiOiJodHRwczpcL1wvcm9iaW90LmZpXC93cC1jb250ZW50XC91cGxvYWRzXC8yMDIxXC8xMlwvUm9iaW90LWZseWVyLUZJTi0yLmpwZyJ9\">\n\t\t\t\t\t\t\t<img loading=\"lazy\" decoding=\"async\" width=\"731\" height=\"1024\" src=\"https:\/\/robiot.fi\/wp-content\/uploads\/2021\/12\/Robiot-flyer-FIN-2-731x1024.jpg\" class=\"attachment-large size-large wp-image-740\" alt=\"\" srcset=\"https:\/\/robiot.fi\/wp-content\/uploads\/2021\/12\/Robiot-flyer-FIN-2-731x1024.jpg 731w, https:\/\/robiot.fi\/wp-content\/uploads\/2021\/12\/Robiot-flyer-FIN-2-214x300.jpg 214w, https:\/\/robiot.fi\/wp-content\/uploads\/2021\/12\/Robiot-flyer-FIN-2-768x1076.jpg 768w, https:\/\/robiot.fi\/wp-content\/uploads\/2021\/12\/Robiot-flyer-FIN-2.jpg 910w\" sizes=\"(max-width: 731px) 100vw, 731px\" \/>\t\t\t\t\t\t\t\t<\/a>\n\t\t\t\t\t\t\t\t\t\t\t\t\t\t\t<\/div>\n\t\t\t\t<\/div>\n\t\t\t\t\t<\/div>\n\t\t<\/div>\n\t\t\t\t<div class=\"elementor-column elementor-col-50 elementor-top-column elementor-element elementor-element-91b46fa\" data-id=\"91b46fa\" data-element_type=\"column\" data-e-type=\"column\">\n\t\t\t<div class=\"elementor-widget-wrap elementor-element-populated\">\n\t\t\t\t\t\t<div class=\"elementor-element elementor-element-3f4b6de elementor-widget elementor-widget-image\" data-id=\"3f4b6de\" data-element_type=\"widget\" data-e-type=\"widget\" data-widget_type=\"image.default\">\n\t\t\t\t<div class=\"elementor-widget-container\">\n\t\t\t\t\t\t\t\t\t\t\t\t\t\t\t\t<a href=\"https:\/\/robiot.fi\/wp-content\/uploads\/2021\/12\/Robiot-flyer-ENG-2.jpg\" data-elementor-open-lightbox=\"yes\" data-elementor-lightbox-title=\"Robiot-flyer-ENG-3\" data-e-action-hash=\"#elementor-action%3Aaction%3Dlightbox%26settings%3DeyJpZCI6NzQxLCJ1cmwiOiJodHRwczpcL1wvcm9iaW90LmZpXC93cC1jb250ZW50XC91cGxvYWRzXC8yMDIxXC8xMlwvUm9iaW90LWZseWVyLUVORy0yLmpwZyJ9\">\n\t\t\t\t\t\t\t<img loading=\"lazy\" decoding=\"async\" width=\"731\" height=\"1024\" src=\"https:\/\/robiot.fi\/wp-content\/uploads\/2021\/12\/Robiot-flyer-ENG-2-731x1024.jpg\" class=\"attachment-large size-large wp-image-741\" alt=\"\" srcset=\"https:\/\/robiot.fi\/wp-content\/uploads\/2021\/12\/Robiot-flyer-ENG-2-731x1024.jpg 731w, https:\/\/robiot.fi\/wp-content\/uploads\/2021\/12\/Robiot-flyer-ENG-2-214x300.jpg 214w, https:\/\/robiot.fi\/wp-content\/uploads\/2021\/12\/Robiot-flyer-ENG-2-768x1076.jpg 768w, https:\/\/robiot.fi\/wp-content\/uploads\/2021\/12\/Robiot-flyer-ENG-2.jpg 910w\" sizes=\"(max-width: 731px) 100vw, 731px\" \/>\t\t\t\t\t\t\t\t<\/a>\n\t\t\t\t\t\t\t\t\t\t\t\t\t\t\t<\/div>\n\t\t\t\t<\/div>\n\t\t\t\t\t<\/div>\n\t\t<\/div>\n\t\t\t\t\t<\/div>\n\t\t<\/section>\n\t\t\t\t<section class=\"elementor-section elementor-top-section elementor-element elementor-element-1ca3a2a elementor-section-boxed elementor-section-height-default elementor-section-height-default\" data-id=\"1ca3a2a\" data-element_type=\"section\" data-e-type=\"section\">\n\t\t\t\t\t\t<div class=\"elementor-container elementor-column-gap-default\">\n\t\t\t\t\t<div class=\"elementor-column elementor-col-100 elementor-top-column elementor-element elementor-element-e0eb50e\" data-id=\"e0eb50e\" data-element_type=\"column\" data-e-type=\"column\">\n\t\t\t<div class=\"elementor-widget-wrap elementor-element-populated\">\n\t\t\t\t\t\t<div class=\"elementor-element elementor-element-2236841 elementor-widget elementor-widget-spacer\" data-id=\"2236841\" data-element_type=\"widget\" data-e-type=\"widget\" data-widget_type=\"spacer.default\">\n\t\t\t\t<div class=\"elementor-widget-container\">\n\t\t\t\t\t\t\t<div class=\"elementor-spacer\">\n\t\t\t<div class=\"elementor-spacer-inner\"><\/div>\n\t\t<\/div>\n\t\t\t\t\t\t<\/div>\n\t\t\t\t<\/div>\n\t\t\t\t\t<\/div>\n\t\t<\/div>\n\t\t\t\t\t<\/div>\n\t\t<\/section>\n\t\t\t\t<section class=\"elementor-section elementor-top-section elementor-element elementor-element-16ded99 elementor-section-boxed elementor-section-height-default elementor-section-height-default\" data-id=\"16ded99\" data-element_type=\"section\" data-e-type=\"section\">\n\t\t\t\t\t\t<div class=\"elementor-container elementor-column-gap-default\">\n\t\t\t\t\t<div class=\"elementor-column elementor-col-50 elementor-top-column elementor-element elementor-element-ae13493\" data-id=\"ae13493\" data-element_type=\"column\" data-e-type=\"column\" data-settings=\"{&quot;background_background&quot;:&quot;classic&quot;}\">\n\t\t\t<div class=\"elementor-widget-wrap elementor-element-populated\">\n\t\t\t\t\t\t<div class=\"elementor-element elementor-element-9b57010 elementor-align-center elementor-widget elementor-widget-button\" data-id=\"9b57010\" data-element_type=\"widget\" data-e-type=\"widget\" data-widget_type=\"button.default\">\n\t\t\t\t<div class=\"elementor-widget-container\">\n\t\t\t\t\t\t\t\t\t<div class=\"elementor-button-wrapper\">\n\t\t\t\t\t<a class=\"elementor-button elementor-button-link elementor-size-lg\" href=\"https:\/\/osekk-my.sharepoint.com\/:p:\/g\/personal\/s9vila02_students_osao_fi\/EYr8_moNytRGgfu62DCiLigBDt_FKLB3Ir8OZXc7Eeh4Tw?e=GtsggN\" target=\"_blank\">\n\t\t\t\t\t\t<span class=\"elementor-button-content-wrapper\">\n\t\t\t\t\t\t\t\t\t<span class=\"elementor-button-text\">Hankkeen esittely (Suomeksi)<\/span>\n\t\t\t\t\t<\/span>\n\t\t\t\t\t<\/a>\n\t\t\t\t<\/div>\n\t\t\t\t\t\t\t\t<\/div>\n\t\t\t\t<\/div>\n\t\t\t\t\t<\/div>\n\t\t<\/div>\n\t\t\t\t<div class=\"elementor-column elementor-col-50 elementor-top-column elementor-element elementor-element-e9ef9e1\" data-id=\"e9ef9e1\" data-element_type=\"column\" data-e-type=\"column\" data-settings=\"{&quot;background_background&quot;:&quot;classic&quot;}\">\n\t\t\t<div class=\"elementor-widget-wrap elementor-element-populated\">\n\t\t\t\t\t\t<div class=\"elementor-element elementor-element-8fdb0bf elementor-align-center elementor-widget elementor-widget-button\" data-id=\"8fdb0bf\" data-element_type=\"widget\" data-e-type=\"widget\" data-widget_type=\"button.default\">\n\t\t\t\t<div class=\"elementor-widget-container\">\n\t\t\t\t\t\t\t\t\t<div class=\"elementor-button-wrapper\">\n\t\t\t\t\t<a class=\"elementor-button elementor-button-link elementor-size-lg\" href=\"https:\/\/osekk-my.sharepoint.com\/:p:\/g\/personal\/s9vila02_students_osao_fi\/EZsRqRgl8OdMoKJoExJk7xMBJxjOJ9_mJ_pqP_sohprMPg?e=ntMsfv\" target=\"_blank\">\n\t\t\t\t\t\t<span class=\"elementor-button-content-wrapper\">\n\t\t\t\t\t\t\t\t\t<span class=\"elementor-button-text\">Project introduction  (In English)<\/span>\n\t\t\t\t\t<\/span>\n\t\t\t\t\t<\/a>\n\t\t\t\t<\/div>\n\t\t\t\t\t\t\t\t<\/div>\n\t\t\t\t<\/div>\n\t\t\t\t\t<\/div>\n\t\t<\/div>\n\t\t\t\t\t<\/div>\n\t\t<\/section>\n\t\t\t\t<\/div>\n\t\t","protected":false},"excerpt":{"rendered":"<p>Hankkeen toiminta-aika 01.08.2019-31.12.2021 \u00a0 RobIoT -hankkeessa p\u00e4ivit\u00e4mme OSAOn nykyisi\u00e4 oppimisymp\u00e4rist\u00f6j\u00e4 vastaamaan ty\u00f6el\u00e4m\u00e4n tarpeita tieto- ja tietoliikennetekniikan alalla. Hankkeessa selvit\u00e4mme yhdess\u00e4 alan yritysten kanssa, millaisia laitteita ja j\u00e4rjestelmi\u00e4 opetuksessa tulisi olla k\u00e4yt\u00f6ss\u00e4. Hankkeessa hankintaan hyvinvointiteknologiaan liittyv\u00e4t palvelurobotit ja turvavalvontalaitteet sek\u00e4 IoT-alustan, joka yhdist\u00e4\u00e4 koneet ja laitteet pilveen. Laitteiden ja ohjelmistojen hankinnassa huomioidaan laitteiden yhteisk\u00e4yt\u00f6n mahdollisuudet, laitteiden [&hellip;]<\/p>\n","protected":false},"author":4,"featured_media":0,"parent":0,"menu_order":0,"comment_status":"closed","ping_status":"closed","template":"","meta":{"footnotes":""},"class_list":["post-67","page","type-page","status-publish","czr-hentry"],"_links":{"self":[{"href":"https:\/\/robiot.fi\/index.php\/wp-json\/wp\/v2\/pages\/67","targetHints":{"allow":["GET"]}}],"collection":[{"href":"https:\/\/robiot.fi\/index.php\/wp-json\/wp\/v2\/pages"}],"about":[{"href":"https:\/\/robiot.fi\/index.php\/wp-json\/wp\/v2\/types\/page"}],"author":[{"embeddable":true,"href":"https:\/\/robiot.fi\/index.php\/wp-json\/wp\/v2\/users\/4"}],"replies":[{"embeddable":true,"href":"https:\/\/robiot.fi\/index.php\/wp-json\/wp\/v2\/comments?post=67"}],"version-history":[{"count":88,"href":"https:\/\/robiot.fi\/index.php\/wp-json\/wp\/v2\/pages\/67\/revisions"}],"predecessor-version":[{"id":1194,"href":"https:\/\/robiot.fi\/index.php\/wp-json\/wp\/v2\/pages\/67\/revisions\/1194"}],"wp:attachment":[{"href":"https:\/\/robiot.fi\/index.php\/wp-json\/wp\/v2\/media?parent=67"}],"curies":[{"name":"wp","href":"https:\/\/api.w.org\/{rel}","templated":true}]}}