{"id":820,"date":"2021-12-09T04:15:44","date_gmt":"2021-12-09T02:15:44","guid":{"rendered":"https:\/\/robiot.fi\/?page_id=820"},"modified":"2022-04-20T06:34:33","modified_gmt":"2022-04-20T03:34:33","slug":"linkit-julkaisuihin","status":"publish","type":"page","link":"https:\/\/robiot.fi\/index.php\/linkit-julkaisuihin\/","title":{"rendered":"Linkit julkaisuihin"},"content":{"rendered":"\t\t<div data-elementor-type=\"wp-page\" data-elementor-id=\"820\" class=\"elementor elementor-820\">\n\t\t\t\t\t\t<section class=\"elementor-section elementor-top-section elementor-element elementor-element-abf5e23 elementor-section-boxed elementor-section-height-default elementor-section-height-default\" data-id=\"abf5e23\" data-element_type=\"section\" data-e-type=\"section\">\n\t\t\t\t\t\t<div class=\"elementor-container elementor-column-gap-default\">\n\t\t\t\t\t<div class=\"elementor-column elementor-col-100 elementor-top-column elementor-element elementor-element-d8b2f1e\" data-id=\"d8b2f1e\" data-element_type=\"column\" data-e-type=\"column\">\n\t\t\t<div class=\"elementor-widget-wrap elementor-element-populated\">\n\t\t\t\t\t\t<div class=\"elementor-element elementor-element-3529ba8 elementor-widget elementor-widget-spacer\" data-id=\"3529ba8\" data-element_type=\"widget\" data-e-type=\"widget\" data-widget_type=\"spacer.default\">\n\t\t\t\t<div class=\"elementor-widget-container\">\n\t\t\t\t\t\t\t<div class=\"elementor-spacer\">\n\t\t\t<div class=\"elementor-spacer-inner\"><\/div>\n\t\t<\/div>\n\t\t\t\t\t\t<\/div>\n\t\t\t\t<\/div>\n\t\t\t\t\t<\/div>\n\t\t<\/div>\n\t\t\t\t\t<\/div>\n\t\t<\/section>\n\t\t\t\t<section class=\"elementor-section elementor-top-section elementor-element elementor-element-a7a323a elementor-section-boxed elementor-section-height-default elementor-section-height-default\" data-id=\"a7a323a\" data-element_type=\"section\" data-e-type=\"section\">\n\t\t\t\t\t\t<div class=\"elementor-container elementor-column-gap-default\">\n\t\t\t\t\t<div class=\"elementor-column elementor-col-100 elementor-top-column elementor-element elementor-element-49db69b\" data-id=\"49db69b\" data-element_type=\"column\" data-e-type=\"column\">\n\t\t\t<div class=\"elementor-widget-wrap elementor-element-populated\">\n\t\t\t\t\t\t<div class=\"elementor-element elementor-element-8cc207d elementor-widget elementor-widget-heading\" data-id=\"8cc207d\" data-element_type=\"widget\" data-e-type=\"widget\" data-widget_type=\"heading.default\">\n\t\t\t\t<div class=\"elementor-widget-container\">\n\t\t\t\t\t<h2 class=\"elementor-heading-title elementor-size-default\"><b>Linkit julkaisuihin ja lehtiin <\/b><\/h2>\t\t\t\t<\/div>\n\t\t\t\t<\/div>\n\t\t\t\t<div class=\"elementor-element elementor-element-9ba7678 elementor-widget elementor-widget-spacer\" data-id=\"9ba7678\" data-element_type=\"widget\" data-e-type=\"widget\" data-widget_type=\"spacer.default\">\n\t\t\t\t<div class=\"elementor-widget-container\">\n\t\t\t\t\t\t\t<div class=\"elementor-spacer\">\n\t\t\t<div class=\"elementor-spacer-inner\"><\/div>\n\t\t<\/div>\n\t\t\t\t\t\t<\/div>\n\t\t\t\t<\/div>\n\t\t\t\t\t<\/div>\n\t\t<\/div>\n\t\t\t\t\t<\/div>\n\t\t<\/section>\n\t\t\t\t<section class=\"elementor-section elementor-top-section elementor-element elementor-element-71ee4a1 elementor-section-boxed elementor-section-height-default elementor-section-height-default\" data-id=\"71ee4a1\" data-element_type=\"section\" data-e-type=\"section\">\n\t\t\t\t\t\t<div class=\"elementor-container elementor-column-gap-default\">\n\t\t\t\t\t<div class=\"elementor-column elementor-col-50 elementor-top-column elementor-element elementor-element-4a75aff\" data-id=\"4a75aff\" data-element_type=\"column\" data-e-type=\"column\">\n\t\t\t<div class=\"elementor-widget-wrap elementor-element-populated\">\n\t\t\t\t\t\t<div class=\"elementor-element elementor-element-c604ec2 elementor-widget elementor-widget-text-editor\" data-id=\"c604ec2\" data-element_type=\"widget\" data-e-type=\"widget\" data-widget_type=\"text-editor.default\">\n\t\t\t\t<div class=\"elementor-widget-container\">\n\t\t\t\t\t\t\t\t\t<p><a href=\"https:\/\/www.amke.fi\/ajankohtaista\/uutiset\/uutinen\/viikon-huippuhetkia-robiot-oppimisymparisto-tutustuttaa-asioiden-internetin-saloihin.html\">RobIoT-oppimisymp\u00e4rist\u00f6 tutustuttaa asioiden internetin saloihin<\/a><\/p>\t\t\t\t\t\t\t\t<\/div>\n\t\t\t\t<\/div>\n\t\t\t\t\t<\/div>\n\t\t<\/div>\n\t\t\t\t<div class=\"elementor-column elementor-col-50 elementor-top-column elementor-element elementor-element-4cc0d0e\" data-id=\"4cc0d0e\" data-element_type=\"column\" data-e-type=\"column\">\n\t\t\t<div class=\"elementor-widget-wrap elementor-element-populated\">\n\t\t\t\t\t\t<div class=\"elementor-element elementor-element-b78ceb4 elementor-widget elementor-widget-text-editor\" data-id=\"b78ceb4\" data-element_type=\"widget\" data-e-type=\"widget\" data-widget_type=\"text-editor.default\">\n\t\t\t\t<div class=\"elementor-widget-container\">\n\t\t\t\t\t\t\t\t\t<p><a href=\"https:\/\/etn.fi\/index.php\/13-news\/12698-ouluun-avataan-iot-ja-robotiikkatestiympaeristoe\">Ouluun avataan IoT- ja robotiikkatestiymp\u00e4rist\u00f6<\/a><\/p>\t\t\t\t\t\t\t\t<\/div>\n\t\t\t\t<\/div>\n\t\t\t\t\t<\/div>\n\t\t<\/div>\n\t\t\t\t\t<\/div>\n\t\t<\/section>\n\t\t\t\t<section class=\"elementor-section elementor-top-section elementor-element elementor-element-e3f5b15 elementor-section-boxed elementor-section-height-default elementor-section-height-default\" data-id=\"e3f5b15\" data-element_type=\"section\" data-e-type=\"section\">\n\t\t\t\t\t\t<div class=\"elementor-container elementor-column-gap-default\">\n\t\t\t\t\t<div class=\"elementor-column elementor-col-50 elementor-top-column elementor-element elementor-element-9fb499f\" data-id=\"9fb499f\" data-element_type=\"column\" data-e-type=\"column\">\n\t\t\t<div class=\"elementor-widget-wrap elementor-element-populated\">\n\t\t\t\t\t\t<div class=\"elementor-element elementor-element-071185c elementor-widget elementor-widget-image\" data-id=\"071185c\" data-element_type=\"widget\" data-e-type=\"widget\" data-widget_type=\"image.default\">\n\t\t\t\t<div class=\"elementor-widget-container\">\n\t\t\t\t\t\t\t\t\t\t\t\t\t\t\t\t<a href=\"https:\/\/www.amke.fi\/ajankohtaista\/uutiset\/uutinen\/viikon-huippuhetkia-robiot-oppimisymparisto-tutustuttaa-asioiden-internetin-saloihin.html\" target=\"_blank\">\n\t\t\t\t\t\t\t<img fetchpriority=\"high\" decoding=\"async\" width=\"1024\" height=\"683\" src=\"https:\/\/robiot.fi\/wp-content\/uploads\/2022\/04\/Nayttokuva-67-1024x683.png\" class=\"attachment-large size-large wp-image-1544\" alt=\"\" srcset=\"https:\/\/robiot.fi\/wp-content\/uploads\/2022\/04\/Nayttokuva-67-1024x683.png 1024w, https:\/\/robiot.fi\/wp-content\/uploads\/2022\/04\/Nayttokuva-67-300x200.png 300w, https:\/\/robiot.fi\/wp-content\/uploads\/2022\/04\/Nayttokuva-67-768x512.png 768w, https:\/\/robiot.fi\/wp-content\/uploads\/2022\/04\/Nayttokuva-67.png 1110w\" sizes=\"(max-width: 1024px) 100vw, 1024px\" \/>\t\t\t\t\t\t\t\t<\/a>\n\t\t\t\t\t\t\t\t\t\t\t\t\t\t\t<\/div>\n\t\t\t\t<\/div>\n\t\t\t\t\t<\/div>\n\t\t<\/div>\n\t\t\t\t<div class=\"elementor-column elementor-col-50 elementor-top-column elementor-element elementor-element-2f8336a\" data-id=\"2f8336a\" data-element_type=\"column\" data-e-type=\"column\">\n\t\t\t<div class=\"elementor-widget-wrap elementor-element-populated\">\n\t\t\t\t\t\t<div class=\"elementor-element elementor-element-a1feeb6 elementor-widget elementor-widget-image\" data-id=\"a1feeb6\" data-element_type=\"widget\" data-e-type=\"widget\" data-widget_type=\"image.default\">\n\t\t\t\t<div class=\"elementor-widget-container\">\n\t\t\t\t\t\t\t\t\t\t\t\t\t\t\t\t<a href=\"https:\/\/etn.fi\/index.php\/13-news\/12698-ouluun-avataan-iot-ja-robotiikkatestiympaeristoe\" target=\"_blank\">\n\t\t\t\t\t\t\t<img decoding=\"async\" width=\"867\" height=\"578\" src=\"https:\/\/robiot.fi\/wp-content\/uploads\/2022\/04\/Nayttokuva-66.png\" class=\"attachment-large size-large wp-image-1545\" alt=\"\" srcset=\"https:\/\/robiot.fi\/wp-content\/uploads\/2022\/04\/Nayttokuva-66.png 867w, https:\/\/robiot.fi\/wp-content\/uploads\/2022\/04\/Nayttokuva-66-300x200.png 300w, https:\/\/robiot.fi\/wp-content\/uploads\/2022\/04\/Nayttokuva-66-768x512.png 768w\" sizes=\"(max-width: 867px) 100vw, 867px\" \/>\t\t\t\t\t\t\t\t<\/a>\n\t\t\t\t\t\t\t\t\t\t\t\t\t\t\t<\/div>\n\t\t\t\t<\/div>\n\t\t\t\t\t<\/div>\n\t\t<\/div>\n\t\t\t\t\t<\/div>\n\t\t<\/section>\n\t\t\t\t<section class=\"elementor-section elementor-top-section elementor-element elementor-element-7dafc24 elementor-section-boxed elementor-section-height-default elementor-section-height-default\" data-id=\"7dafc24\" data-element_type=\"section\" data-e-type=\"section\">\n\t\t\t\t\t\t<div class=\"elementor-container elementor-column-gap-default\">\n\t\t\t\t\t<div class=\"elementor-column elementor-col-100 elementor-top-column elementor-element elementor-element-d15ed31\" data-id=\"d15ed31\" data-element_type=\"column\" data-e-type=\"column\">\n\t\t\t<div class=\"elementor-widget-wrap elementor-element-populated\">\n\t\t\t\t\t\t<div class=\"elementor-element elementor-element-9ea2785 elementor-widget elementor-widget-spacer\" data-id=\"9ea2785\" data-element_type=\"widget\" data-e-type=\"widget\" data-widget_type=\"spacer.default\">\n\t\t\t\t<div class=\"elementor-widget-container\">\n\t\t\t\t\t\t\t<div class=\"elementor-spacer\">\n\t\t\t<div class=\"elementor-spacer-inner\"><\/div>\n\t\t<\/div>\n\t\t\t\t\t\t<\/div>\n\t\t\t\t<\/div>\n\t\t\t\t\t<\/div>\n\t\t<\/div>\n\t\t\t\t\t<\/div>\n\t\t<\/section>\n\t\t\t\t<section class=\"elementor-section elementor-top-section elementor-element elementor-element-48bf284 elementor-section-boxed elementor-section-height-default elementor-section-height-default\" data-id=\"48bf284\" data-element_type=\"section\" data-e-type=\"section\">\n\t\t\t\t\t\t<div class=\"elementor-container elementor-column-gap-default\">\n\t\t\t\t\t<div class=\"elementor-column elementor-col-50 elementor-top-column elementor-element elementor-element-07c4b7a\" data-id=\"07c4b7a\" data-element_type=\"column\" data-e-type=\"column\">\n\t\t\t<div class=\"elementor-widget-wrap elementor-element-populated\">\n\t\t\t\t\t\t<div class=\"elementor-element elementor-element-cebd259 elementor-widget elementor-widget-text-editor\" data-id=\"cebd259\" data-element_type=\"widget\" data-e-type=\"widget\" data-widget_type=\"text-editor.default\">\n\t\t\t\t<div class=\"elementor-widget-container\">\n\t\t\t\t\t\t\t\t\t<p><a href=\"https:\/\/www.uusiteknologia.fi\/2021\/10\/15\/uusi-iot-tekniikan-ja-robotiikan-testausymparisto\/\" data-wplink-edit=\"true\">Uusi IoT-tekniikan ja robotiikan testausymp\u00e4rist\u00f6<\/a><\/p>\t\t\t\t\t\t\t\t<\/div>\n\t\t\t\t<\/div>\n\t\t\t\t\t<\/div>\n\t\t<\/div>\n\t\t\t\t<div class=\"elementor-column elementor-col-50 elementor-top-column elementor-element elementor-element-ef5ec34\" data-id=\"ef5ec34\" data-element_type=\"column\" data-e-type=\"column\">\n\t\t\t<div class=\"elementor-widget-wrap elementor-element-populated\">\n\t\t\t\t\t\t<div class=\"elementor-element elementor-element-beaa040 elementor-widget elementor-widget-text-editor\" data-id=\"beaa040\" data-element_type=\"widget\" data-e-type=\"widget\" data-widget_type=\"text-editor.default\">\n\t\t\t\t<div class=\"elementor-widget-container\">\n\t\t\t\t\t\t\t\t\t<p><a href=\"https:\/\/www.kaleva.fi\/pureeko-iot-laite-vai-mika-se-on-esineiden-interne\/4043005\" data-wplink-edit=\"true\">Pureeko IoT-laite vai mik\u00e4 se on?\u00a0<\/a><\/p>\t\t\t\t\t\t\t\t<\/div>\n\t\t\t\t<\/div>\n\t\t\t\t\t<\/div>\n\t\t<\/div>\n\t\t\t\t\t<\/div>\n\t\t<\/section>\n\t\t\t\t<section class=\"elementor-section elementor-top-section elementor-element elementor-element-b417649 elementor-section-boxed elementor-section-height-default elementor-section-height-default\" data-id=\"b417649\" data-element_type=\"section\" data-e-type=\"section\">\n\t\t\t\t\t\t<div class=\"elementor-container elementor-column-gap-default\">\n\t\t\t\t\t<div class=\"elementor-column elementor-col-50 elementor-top-column elementor-element elementor-element-f11f17b\" data-id=\"f11f17b\" data-element_type=\"column\" data-e-type=\"column\">\n\t\t\t<div class=\"elementor-widget-wrap elementor-element-populated\">\n\t\t\t\t\t\t<div class=\"elementor-element elementor-element-368a9eb elementor-widget elementor-widget-image\" data-id=\"368a9eb\" data-element_type=\"widget\" data-e-type=\"widget\" data-widget_type=\"image.default\">\n\t\t\t\t<div class=\"elementor-widget-container\">\n\t\t\t\t\t\t\t\t\t\t\t\t\t\t\t\t<a href=\"https:\/\/www.uusiteknologia.fi\/2021\/10\/15\/uusi-iot-tekniikan-ja-robotiikan-testausymparisto\/\" target=\"_blank\">\n\t\t\t\t\t\t\t<img decoding=\"async\" width=\"1024\" height=\"683\" src=\"https:\/\/robiot.fi\/wp-content\/uploads\/2022\/04\/Nayttokuva-68-1024x683.png\" class=\"attachment-large size-large wp-image-1547\" alt=\"\" srcset=\"https:\/\/robiot.fi\/wp-content\/uploads\/2022\/04\/Nayttokuva-68-1024x683.png 1024w, https:\/\/robiot.fi\/wp-content\/uploads\/2022\/04\/Nayttokuva-68-300x200.png 300w, https:\/\/robiot.fi\/wp-content\/uploads\/2022\/04\/Nayttokuva-68-768x512.png 768w, https:\/\/robiot.fi\/wp-content\/uploads\/2022\/04\/Nayttokuva-68.png 1089w\" sizes=\"(max-width: 1024px) 100vw, 1024px\" \/>\t\t\t\t\t\t\t\t<\/a>\n\t\t\t\t\t\t\t\t\t\t\t\t\t\t\t<\/div>\n\t\t\t\t<\/div>\n\t\t\t\t\t<\/div>\n\t\t<\/div>\n\t\t\t\t<div class=\"elementor-column elementor-col-50 elementor-top-column elementor-element elementor-element-1ac9c8b\" data-id=\"1ac9c8b\" data-element_type=\"column\" data-e-type=\"column\">\n\t\t\t<div class=\"elementor-widget-wrap elementor-element-populated\">\n\t\t\t\t\t\t<div class=\"elementor-element elementor-element-436b2f6 elementor-widget elementor-widget-image\" data-id=\"436b2f6\" data-element_type=\"widget\" data-e-type=\"widget\" data-widget_type=\"image.default\">\n\t\t\t\t<div class=\"elementor-widget-container\">\n\t\t\t\t\t\t\t\t\t\t\t\t\t\t\t\t<a href=\"https:\/\/www.kaleva.fi\/pureeko-iot-laite-vai-mika-se-on-esineiden-interne\/4043005\" target=\"_blank\">\n\t\t\t\t\t\t\t<img loading=\"lazy\" decoding=\"async\" width=\"1024\" height=\"683\" src=\"https:\/\/robiot.fi\/wp-content\/uploads\/2022\/04\/Nayttokuva-69-1024x683.png\" class=\"attachment-large size-large wp-image-1548\" alt=\"\" srcset=\"https:\/\/robiot.fi\/wp-content\/uploads\/2022\/04\/Nayttokuva-69-1024x683.png 1024w, https:\/\/robiot.fi\/wp-content\/uploads\/2022\/04\/Nayttokuva-69-300x200.png 300w, https:\/\/robiot.fi\/wp-content\/uploads\/2022\/04\/Nayttokuva-69-768x512.png 768w, https:\/\/robiot.fi\/wp-content\/uploads\/2022\/04\/Nayttokuva-69.png 1311w\" sizes=\"(max-width: 1024px) 100vw, 1024px\" \/>\t\t\t\t\t\t\t\t<\/a>\n\t\t\t\t\t\t\t\t\t\t\t\t\t\t\t<\/div>\n\t\t\t\t<\/div>\n\t\t\t\t\t<\/div>\n\t\t<\/div>\n\t\t\t\t\t<\/div>\n\t\t<\/section>\n\t\t\t\t<\/div>\n\t\t","protected":false},"excerpt":{"rendered":"<p>Linkit julkaisuihin ja lehtiin RobIoT-oppimisymp\u00e4rist\u00f6 tutustuttaa asioiden internetin saloihin Ouluun avataan IoT- ja robotiikkatestiymp\u00e4rist\u00f6 Uusi IoT-tekniikan ja robotiikan testausymp\u00e4rist\u00f6 Pureeko IoT-laite vai mik\u00e4 se on?\u00a0<\/p>\n","protected":false},"author":4,"featured_media":0,"parent":0,"menu_order":0,"comment_status":"closed","ping_status":"closed","template":"","meta":{"footnotes":""},"class_list":["post-820","page","type-page","status-publish","czr-hentry"],"_links":{"self":[{"href":"https:\/\/robiot.fi\/index.php\/wp-json\/wp\/v2\/pages\/820","targetHints":{"allow":["GET"]}}],"collection":[{"href":"https:\/\/robiot.fi\/index.php\/wp-json\/wp\/v2\/pages"}],"about":[{"href":"https:\/\/robiot.fi\/index.php\/wp-json\/wp\/v2\/types\/page"}],"author":[{"embeddable":true,"href":"https:\/\/robiot.fi\/index.php\/wp-json\/wp\/v2\/users\/4"}],"replies":[{"embeddable":true,"href":"https:\/\/robiot.fi\/index.php\/wp-json\/wp\/v2\/comments?post=820"}],"version-history":[{"count":25,"href":"https:\/\/robiot.fi\/index.php\/wp-json\/wp\/v2\/pages\/820\/revisions"}],"predecessor-version":[{"id":1551,"href":"https:\/\/robiot.fi\/index.php\/wp-json\/wp\/v2\/pages\/820\/revisions\/1551"}],"wp:attachment":[{"href":"https:\/\/robiot.fi\/index.php\/wp-json\/wp\/v2\/media?parent=820"}],"curies":[{"name":"wp","href":"https:\/\/api.w.org\/{rel}","templated":true}]}}